{"id":18844,"date":"2023-09-21T13:11:56","date_gmt":"2023-09-21T13:11:56","guid":{"rendered":"https:\/\/eshtm.es\/?page_id=18844"},"modified":"2026-04-27T15:53:46","modified_gmt":"2026-04-27T14:53:46","slug":"secretaria","status":"publish","type":"page","link":"https:\/\/eshtm.es\/?page_id=18844","title":{"rendered":"Secretar\u00eda"},"content":{"rendered":"\t\t<div data-elementor-type=\"wp-page\" data-elementor-id=\"18844\" class=\"elementor elementor-18844\">\n\t\t\t\t\t\t<section class=\"elementor-section elementor-top-section elementor-element elementor-element-5c2507d elementor-section-boxed elementor-section-height-default elementor-section-height-default\" data-id=\"5c2507d\" data-element_type=\"section\" data-e-type=\"section\">\n\t\t\t\t\t\t<div class=\"elementor-container elementor-column-gap-default\">\n\t\t\t\t\t<div class=\"elementor-column elementor-col-100 elementor-top-column elementor-element elementor-element-5985be9\" data-id=\"5985be9\" data-element_type=\"column\" data-e-type=\"column\">\n\t\t\t<div class=\"elementor-widget-wrap elementor-element-populated\">\n\t\t\t\t\t\t<div class=\"elementor-element elementor-element-999bba0 elementor-widget elementor-widget-heading\" data-id=\"999bba0\" data-element_type=\"widget\" data-e-type=\"widget\" data-widget_type=\"heading.default\">\n\t\t\t\t<div class=\"elementor-widget-container\">\n\t\t\t\t\t<h1 class=\"elementor-heading-title elementor-size-default\">SECRETAR\u00cdA<\/h1>\t\t\t\t<\/div>\n\t\t\t\t<\/div>\n\t\t\t\t<div class=\"elementor-element elementor-element-a24a8b4 elementor-widget-divider--view-line elementor-widget elementor-widget-divider\" data-id=\"a24a8b4\" data-element_type=\"widget\" data-e-type=\"widget\" data-widget_type=\"divider.default\">\n\t\t\t\t<div class=\"elementor-widget-container\">\n\t\t\t\t\t\t\t<div class=\"elementor-divider\">\n\t\t\t<span class=\"elementor-divider-separator\">\n\t\t\t\t\t\t<\/span>\n\t\t<\/div>\n\t\t\t\t\t\t<\/div>\n\t\t\t\t<\/div>\n\t\t\t\t\t<\/div>\n\t\t<\/div>\n\t\t\t\t\t<\/div>\n\t\t<\/section>\n\t\t\t\t<section class=\"elementor-section elementor-top-section elementor-element elementor-element-5ced844 elementor-section-stretched elementor-section-boxed elementor-section-height-default elementor-section-height-default\" data-id=\"5ced844\" data-element_type=\"section\" data-e-type=\"section\" data-settings=\"{&quot;stretch_section&quot;:&quot;section-stretched&quot;}\">\n\t\t\t\t\t\t<div class=\"elementor-container elementor-column-gap-custom\">\n\t\t\t\t\t<div class=\"elementor-column elementor-col-50 elementor-top-column elementor-element elementor-element-5e5ceb4\" data-id=\"5e5ceb4\" data-element_type=\"column\" data-e-type=\"column\" data-settings=\"{&quot;background_background&quot;:&quot;classic&quot;}\">\n\t\t\t<div class=\"elementor-widget-wrap elementor-element-populated\">\n\t\t\t\t\t\t<div class=\"elementor-element elementor-element-f2ecd56 iconbox-text-center elementor-widget elementor-widget-thim-icon-box\" data-id=\"f2ecd56\" data-element_type=\"widget\" data-e-type=\"widget\" data-widget_type=\"thim-icon-box.default\">\n\t\t\t\t<div class=\"elementor-widget-container\">\n\t\t\t\t\t<div class=\"thim-widget-icon-box\"><div class=\"wrapper-box-icon text-center \"><div class=\"smicon-box iconbox-top\"><div class=\"boxes-icon\"><span class=\"inner-icon\"><span class=\"icon\"><i aria-hidden=\"true\" class=\"tk tk-clock1\"><\/i><\/span><\/span><\/div><div class=\"content-inner\"><div class=\"sc-heading\"><p class=\"heading__primary\">Horario<\/p><\/div><div class=\"desc-icon-box\"><div class=\"desc-content\">Lunes - Viernes: 9:00 -13:00\n<br\/>\nMi\u00e9rcoles: 14:30 - 16:30 (Desde el 15 de octubre al 31 de Mayo)<\/div><\/div><\/div><\/div><\/div><\/div>\t\t\t\t<\/div>\n\t\t\t\t<\/div>\n\t\t\t\t\t<\/div>\n\t\t<\/div>\n\t\t\t\t<div class=\"elementor-column elementor-col-50 elementor-top-column elementor-element elementor-element-4afd035\" data-id=\"4afd035\" data-element_type=\"column\" data-e-type=\"column\" data-settings=\"{&quot;background_background&quot;:&quot;classic&quot;}\">\n\t\t\t<div class=\"elementor-widget-wrap elementor-element-populated\">\n\t\t\t\t\t\t<div class=\"elementor-element elementor-element-ff4c841 iconbox-text-center elementor-widget elementor-widget-thim-icon-box\" data-id=\"ff4c841\" data-element_type=\"widget\" data-e-type=\"widget\" data-widget_type=\"thim-icon-box.default\">\n\t\t\t\t<div class=\"elementor-widget-container\">\n\t\t\t\t\t<div class=\"thim-widget-icon-box\"><div class=\"wrapper-box-icon text-center \"><div class=\"smicon-box iconbox-top\"><div class=\"boxes-icon\"><span class=\"inner-icon\"><span class=\"icon\"><i aria-hidden=\"true\" class=\"tk tk-mail-bulk\"><\/i><\/span><\/span><\/div><div class=\"content-inner\"><div class=\"sc-heading\"><p class=\"heading__primary\">Correo<\/p><\/div><div class=\"desc-icon-box\"><div class=\"desc-content\">secretaria.ies.hosteleria.madrid@educa.madrid.org\n\n<\/div><\/div><\/div><\/div><\/div><\/div>\t\t\t\t<\/div>\n\t\t\t\t<\/div>\n\t\t\t\t\t<\/div>\n\t\t<\/div>\n\t\t\t\t\t<\/div>\n\t\t<\/section>\n\t\t\t\t<section class=\"elementor-section elementor-top-section elementor-element elementor-element-7eb6e8c elementor-section-boxed elementor-section-height-default elementor-section-height-default\" data-id=\"7eb6e8c\" data-element_type=\"section\" data-e-type=\"section\">\n\t\t\t\t\t\t<div class=\"elementor-container elementor-column-gap-default\">\n\t\t\t\t\t<div class=\"elementor-column elementor-col-100 elementor-top-column elementor-element elementor-element-fa02eef\" data-id=\"fa02eef\" data-element_type=\"column\" data-e-type=\"column\">\n\t\t\t<div class=\"elementor-widget-wrap\">\n\t\t\t\t\t\t\t<\/div>\n\t\t<\/div>\n\t\t\t\t\t<\/div>\n\t\t<\/section>\n\t\t\t\t<section class=\"elementor-section elementor-top-section elementor-element elementor-element-9871630 elementor-section-boxed elementor-section-height-default elementor-section-height-default\" data-id=\"9871630\" data-element_type=\"section\" data-e-type=\"section\">\n\t\t\t\t\t\t<div class=\"elementor-container elementor-column-gap-default\">\n\t\t\t\t\t<div class=\"elementor-column elementor-col-100 elementor-top-column elementor-element elementor-element-d4fdf88\" data-id=\"d4fdf88\" data-element_type=\"column\" data-e-type=\"column\">\n\t\t\t<div class=\"elementor-widget-wrap elementor-element-populated\">\n\t\t\t\t\t\t<div class=\"elementor-element elementor-element-21c4dc2 elementor-widget thim-widget-tab template-tab\" data-id=\"21c4dc2\" data-element_type=\"widget\" data-e-type=\"widget\" data-widget_type=\"thim-tab.default\">\n\t\t\t\t<div class=\"elementor-widget-container\">\n\t\t\t\t\t<ul class=\"nav nav-tabs\" role=\"tablist\"><li role=\"presentation\" class='active tab-col-2'><a href=\"#thim-widget-tab-11777657604-1-48\"  role=\"tab\" data-toggle=\"tab\">Tr\u00e1mites Acad\u00e9micos<\/a><\/li><li role=\"presentation\" class='tab-col-2'><a href=\"#thim-widget-tab-21777657604-1-48\"  role=\"tab\" data-toggle=\"tab\">Convocatorias en Plazo<\/a><\/li><\/ul><div class=\"tab-content\"> <div role=\"tabpanel\" class=\"tab-pane active\" id=\"thim-widget-tab-11777657604-1-48\">\t\t<div data-elementor-type=\"section\" data-elementor-id=\"21261\" class=\"elementor elementor-21261\">\n\t\t\t\t\t\t<section class=\"elementor-section elementor-top-section elementor-element elementor-element-da2a163 elementor-section-boxed elementor-section-height-default elementor-section-height-default\" data-id=\"da2a163\" data-element_type=\"section\" data-e-type=\"section\">\n\t\t\t\t\t\t<div class=\"elementor-container elementor-column-gap-default\">\n\t\t\t\t\t<div class=\"elementor-column elementor-col-100 elementor-top-column elementor-element elementor-element-3e7f621\" data-id=\"3e7f621\" data-element_type=\"column\" data-e-type=\"column\">\n\t\t\t<div class=\"elementor-widget-wrap elementor-element-populated\">\n\t\t\t\t\t\t<div class=\"elementor-element elementor-element-5ff23f0 elementor-widget elementor-widget-text-editor\" data-id=\"5ff23f0\" data-element_type=\"widget\" data-e-type=\"widget\" data-widget_type=\"text-editor.default\">\n\t\t\t\t<div class=\"elementor-widget-container\">\n\t\t\t\t\t\t\t\t\t<div class=\"vc_row wpb_row vc_row-fluid\"><div class=\"wpb_column vc_column_container vc_col-sm-12\"><div class=\"vc_column-inner \"><div class=\"wpb_wrapper\"><div class=\"wpb_text_column wpb_content_element \"><div class=\"wpb_wrapper\"><h2>Tr\u00e1mites Acad\u00e9micos<\/h2><\/div><\/div><\/div><\/div><\/div><\/div><div class=\"vc_row wpb_row vc_row-fluid\"><div class=\"wpb_column vc_column_container vc_col-sm-12\"><div class=\"vc_column-inner \"><div class=\"wpb_wrapper\"><div class=\"wpb_text_column wpb_content_element vc_custom_1497245038630\"><div class=\"wpb_wrapper\"><p><strong>INSTRUCCIONES PARA LA DESCARGA DEL MODELO 030 PARA LA SOLICITUD DEL T\u00cdTULO DE T\u00c9CNICO Y T\u00c9CNICO SUPERIOR<\/strong><\/p><ul><li>Todos los alumnos de Grado Medio y Grado Superior, que hayan superado totalmente el ciclo, deben pasar por Secretar\u00eda para solicitar el T\u00cdTULO DE T\u00c9CNICO o T\u00c9CNICO SUPERIOR.<\/li><li>Entrar en la web de la Comunidad de Madrid:\u00a0<a href=\"https:\/\/gestiona7.madrid.org\/rtas_webapp_pagotasas\/#!\/proteccion-datos\" target=\"_blank\" rel=\"noopener\">gestiona7.madrid.org\/rtas_webapp_pagotasas\/#!\/app-busqueda-tasa<\/a><\/li><li>o descargar la App Tasas Comunidad de Madrid.<\/li><li>En el buscador escribir: ESCUELA SUPERIOR DE HOSTELER\u00cdA Y TURISMO y buscar el modelo de expedici\u00f3n de t\u00edtulos o certificados. Rellenar todos los datos y abonarlo en alguna oficina de las indicadas o pagar online.<\/li><li>Fotocopia del DNI<\/li><li>Tasa ordinaria: 51,49 euros. Familia numerosa de categor\u00eda general: 25,74 euros.<\/li><li>Si la tasa que se abona es reducida, documentaci\u00f3n justificativa del motivo de la reducci\u00f3n. Exenciones: Familias numerosas de categor\u00eda especial y v\u00edctimas del terrorismo, c\u00f3nyuges o parejas de hecho e hijos. Los miembros de familias numerosas de categor\u00eda general gozar\u00e1n de bonificaci\u00f3n del 50%.<\/li><li>(LA FECHA DEL INGRESO NO PODR\u00c1, EN NING\u00daN CASO, SER ANTERIOR A LA FECHA DE FIN DE ESTUDIOS). TODOS LOS DOCUMENTOS HAY QUE ENTREGARLOS EN SECRETAR\u00cdA<\/li><\/ul><\/div><\/div><\/div><\/div><\/div><\/div><section class=\"vc_section\"><div class=\"vc_row wpb_row vc_row-fluid\"><div class=\"wpb_column vc_column_container vc_col-sm-12\"><div class=\"vc_column-inner \"><div class=\"wpb_wrapper\"><div class=\"wpb_text_column wpb_content_element wpb_animate_when_almost_visible wpb_slideInRight slideInRight wpb_start_animation animated\"><div class=\"wpb_wrapper\"><p><strong>SEGURO ESCOLAR:\u00a0<\/strong>En la matriculaci\u00f3n, los alumnos menores de 28 a\u00f1os deber\u00e1n presentar RESGUARDO de haber ingresado 1,12 \u20ac en la cuenta del IES ESCUELA SUPERIOR DE HOSTELER\u00cdA Y TURISMO N\u00ba ES14-2100-2577-00-1300193141 \u2013 CAIXABANK<\/p><\/div><\/div><\/div><\/div><\/div><\/div><\/section><div class=\"vc_row wpb_row vc_row-fluid\"><div class=\"wpb_column vc_column_container vc_col-sm-12\"><div class=\"vc_column-inner \"><div class=\"wpb_wrapper\"><div class=\"wpb_text_column wpb_content_element \"><div class=\"wpb_wrapper\"><p><strong>MODELOS SOLICITUDES Y ANEXOS<\/strong><\/p><p><a href=\"http:\/\/www.escuelasuperior-hosteleriaturismo-madrid.com\/wp-content\/uploads\/anexo-I-anulacion-matricula.pdf\"><i class=\"fas fa-download\" aria-hidden=\"true\"><\/i> Anexo I anulaci\u00f3n matricula<\/a><\/p><p><a href=\"http:\/\/www.escuelasuperior-hosteleriaturismo-madrid.com\/wp-content\/uploads\/Anexo-III-renuncia-convocatoria.pdf\"><i class=\"fas fa-download\" aria-hidden=\"true\"><\/i> Anexo III renuncia convocatoria<\/a><\/p><p><a href=\"http:\/\/www.escuelasuperior-hosteleriaturismo-madrid.com\/wp-content\/uploads\/Anexos-Convalidaciones-1.pdf\"><i class=\"fas fa-download\" aria-hidden=\"true\"><\/i> Anexos solicitud convalidaci\u00f3n<\/a><\/p><p><a href=\"http:\/\/www.escuelasuperior-hosteleriaturismo-madrid.com\/wp-content\/uploads\/anexo-XIII-exencion-FCT.pdf\"><i class=\"fas fa-download\" aria-hidden=\"true\"><\/i> Anexo XIII exenci\u00f3n FCT<\/a><\/p><p><a href=\"http:\/\/www.escuelasuperior-hosteleriaturismo-madrid.com\/wp-content\/uploads\/instancia-general.pdf\"><i class=\"fas fa-download\" aria-hidden=\"true\"><\/i> Instancia general<\/a><\/p><p><a href=\"http:\/\/www.escuelasuperior-hosteleriaturismo-madrid.com\/wp-content\/uploads\/solicitud-devolucion-precios-publicos.pdf\"><i class=\"fas fa-download\" aria-hidden=\"true\"><\/i> Solicitud devoluci\u00f3n precios p\u00fablicos<\/a><\/p><\/div><\/div><\/div><\/div><\/div><\/div>\t\t\t\t\t\t\t\t<\/div>\n\t\t\t\t<\/div>\n\t\t\t\t\t<\/div>\n\t\t<\/div>\n\t\t\t\t\t<\/div>\n\t\t<\/section>\n\t\t\t\t<\/div>\n\t\t<\/div> <div role=\"tabpanel\" class=\"tab-pane\" id=\"thim-widget-tab-21777657604-1-48\">\t\t<div data-elementor-type=\"section\" data-elementor-id=\"21262\" class=\"elementor elementor-21262\">\n\t\t\t\t\t\t<section class=\"elementor-section elementor-top-section elementor-element elementor-element-e43cf77 elementor-section-boxed elementor-section-height-default elementor-section-height-default\" data-id=\"e43cf77\" data-element_type=\"section\" data-e-type=\"section\">\n\t\t\t\t\t\t<div class=\"elementor-container elementor-column-gap-default\">\n\t\t\t\t\t<div class=\"elementor-column elementor-col-100 elementor-top-column elementor-element elementor-element-ddf9ce1\" data-id=\"ddf9ce1\" data-element_type=\"column\" data-e-type=\"column\">\n\t\t\t<div class=\"elementor-widget-wrap elementor-element-populated\">\n\t\t\t\t\t\t<div class=\"elementor-element elementor-element-8a39066 elementor-widget elementor-widget-image\" data-id=\"8a39066\" data-element_type=\"widget\" data-e-type=\"widget\" data-widget_type=\"image.default\">\n\t\t\t\t<div class=\"elementor-widget-container\">\n\t\t\t\t\t\t\t\t\t\t\t\t\t\t\t\t<a href=\"https:\/\/eshtm.es\/?page_id=22821\">\n\t\t\t\t\t\t\t<img fetchpriority=\"high\" decoding=\"async\" width=\"640\" height=\"800\" src=\"https:\/\/eshtm.es\/wp-content\/uploads\/2025\/06\/matricula-escuela-1-819x1024.png\" class=\"attachment-large size-large wp-image-23781\" alt=\"\" srcset=\"https:\/\/eshtm.es\/wp-content\/uploads\/2025\/06\/matricula-escuela-1-819x1024.png 819w, https:\/\/eshtm.es\/wp-content\/uploads\/2025\/06\/matricula-escuela-1-240x300.png 240w, https:\/\/eshtm.es\/wp-content\/uploads\/2025\/06\/matricula-escuela-1-768x960.png 768w, https:\/\/eshtm.es\/wp-content\/uploads\/2025\/06\/matricula-escuela-1.png 1080w\" sizes=\"(max-width: 640px) 100vw, 640px\" \/>\t\t\t\t\t\t\t\t<\/a>\n\t\t\t\t\t\t\t\t\t\t\t\t\t\t\t<\/div>\n\t\t\t\t<\/div>\n\t\t\t\t\t<\/div>\n\t\t<\/div>\n\t\t\t\t\t<\/div>\n\t\t<\/section>\n\t\t\t\t<section class=\"elementor-section elementor-top-section elementor-element elementor-element-86cf856 elementor-section-boxed elementor-section-height-default elementor-section-height-default\" data-id=\"86cf856\" data-element_type=\"section\" data-e-type=\"section\">\n\t\t\t\t\t\t<div class=\"elementor-container elementor-column-gap-default\">\n\t\t\t\t\t<div class=\"elementor-column elementor-col-100 elementor-top-column elementor-element elementor-element-7620202\" data-id=\"7620202\" data-element_type=\"column\" data-e-type=\"column\">\n\t\t\t<div class=\"elementor-widget-wrap elementor-element-populated\">\n\t\t\t\t\t\t<div class=\"elementor-element elementor-element-560f027 elementor-widget elementor-widget-spacer\" data-id=\"560f027\" data-element_type=\"widget\" data-e-type=\"widget\" data-widget_type=\"spacer.default\">\n\t\t\t\t<div class=\"elementor-widget-container\">\n\t\t\t\t\t\t\t<div class=\"elementor-spacer\">\n\t\t\t<div class=\"elementor-spacer-inner\"><\/div>\n\t\t<\/div>\n\t\t\t\t\t\t<\/div>\n\t\t\t\t<\/div>\n\t\t\t\t\t<\/div>\n\t\t<\/div>\n\t\t\t\t\t<\/div>\n\t\t<\/section>\n\t\t\t\t<section class=\"elementor-section elementor-top-section elementor-element elementor-element-eb772bf elementor-section-boxed elementor-section-height-default elementor-section-height-default\" data-id=\"eb772bf\" data-element_type=\"section\" data-e-type=\"section\">\n\t\t\t\t\t\t<div class=\"elementor-container elementor-column-gap-default\">\n\t\t\t\t\t<div class=\"elementor-column elementor-col-100 elementor-top-column elementor-element elementor-element-74db244\" data-id=\"74db244\" data-element_type=\"column\" data-e-type=\"column\">\n\t\t\t<div class=\"elementor-widget-wrap elementor-element-populated\">\n\t\t\t\t\t\t<div class=\"elementor-element elementor-element-7ad75d4 elementor-widget elementor-widget-wp-widget-sow-post-carousel\" data-id=\"7ad75d4\" data-element_type=\"widget\" data-e-type=\"widget\" data-widget_type=\"wp-widget-sow-post-carousel.default\">\n\t\t\t\t<div class=\"elementor-widget-container\">\n\t\t\t\t\t<div\n\t\t\t\n\t\t\tclass=\"so-widget-sow-post-carousel so-widget-sow-post-carousel-base-7915ac65b4c3\"\n\t\t\t\n\t\t>\t<div\n\t\tclass=\"sow-post-carousel-wrapper sow-post-carousel-theme-base\"\n\t\tstyle=\"overflow: hidden; max-width: 100%; min-height: 182px\"\n\t>\n\t\t<div class=\"sow-carousel-title\">\n\t\t\t<div class=\"sow-carousel-navigation \">\n\t\t\t\t\t\t<a href=\"#\" class=\"sow-carousel-next\" title=\"Siguiente\" aria-label=\"Entradas siguientes\" role=\"button\"><\/a>\n\t\t\t\t\t\t<a href=\"#\" class=\"sow-carousel-previous\" title=\"Anterior\" aria-label=\"Entradas anteriores\" role=\"button\"><\/a>\n\t\t\t\t\t<\/div>\n\t<\/div>\n\n<div class=\"sow-carousel-container \">\n\t\t<div class=\"sow-carousel-wrapper\"\n\t\tdata-dir=\"ltr\"\n\t\tstyle=\"opacity: 0;\"\n\t\tdata-widget=\"post\" data-fetching=\"false\" data-page=\"1\" data-ajax-url=\"https:\/\/eshtm.es\/wp-admin\/admin-ajax.php?_widgets_nonce=7212246eed\" data-item_count=\"2\" data-carousel_settings=\"{&quot;loop&quot;:true,&quot;animation&quot;:&quot;ease&quot;,&quot;animation_speed&quot;:400,&quot;autoplay&quot;:&quot;&quot;,&quot;pauseOnHover&quot;:&quot;&quot;,&quot;autoplaySpeed&quot;:8000,&quot;item_overflow&quot;:true,&quot;autoplay_continuous_scroll&quot;:false}\" data-responsive=\"{&quot;desktop_slides_to_scroll&quot;:1,&quot;tablet_landscape_breakpoint&quot;:1366,&quot;tablet_landscape_slides_to_scroll&quot;:2,&quot;tablet_portrait_breakpoint&quot;:1025,&quot;tablet_portrait_slides_to_scroll&quot;:2,&quot;mobile_breakpoint&quot;:480,&quot;mobile_slides_to_scroll&quot;:1}\" data-variable_width=\"true\" \t>\n\t\t<div\n\t\t\tclass=\"sow-carousel-items\"\n\t\t\t\t\t>\n\t\t\t\t<div class=\"sow-carousel-item\" tabindex=\"-1\" style=\"float: left;\">\n\t\t<div class=\"sow-carousel-thumbnail\">\n\t\t\t\t\t\t\t<a\n\t\t\t\t\thref=\"https:\/\/eshtm.es\/?p=24703\"\n\t\t\t\t\tclass=\"sow-carousel-default-thumbnail\"\n\t\t\t\t\t\t\t\t\t\t\t\t\t\t\taria-labelledby=\"sow-carousel-id-24703\"\n\t\t\t\t\ttabindex=\"-1\"\n\t\t\t\t>\n\t\t\t\t\t<span class=\"overlay\"><\/span>\n\t\t\t\t<\/a>\n\t\t\t\t\t<\/div>\n\t\t<h3 class=\"sow-carousel-item-title\">\n\t\t\t<a\n\t\t\t\thref=\"https:\/\/eshtm.es\/?p=24703\"\n\t\t\t\tid=\"sow-carousel-id-24703\"\n\t\t\t\t\t\t\t\ttabindex=\"-1\"\n\t\t\t>\n\n\t\t\t\tBECAS MEC 2026\/27 DEL 7 DE ABRIL AL 18 DE MAYO 2026\t\t\t<\/a>\n\t\t<\/h3>\n\t<\/div>\n\t\t<div class=\"sow-carousel-item\" tabindex=\"-1\" style=\"float: left;\">\n\t\t<div class=\"sow-carousel-thumbnail\">\n\t\t\t\t\t\t\t<a\n\t\t\t\t\thref=\"https:\/\/eshtm.es\/?p=24701\"\n\t\t\t\t\tclass=\"sow-carousel-default-thumbnail\"\n\t\t\t\t\t\t\t\t\t\t\t\t\t\t\taria-labelledby=\"sow-carousel-id-24701\"\n\t\t\t\t\ttabindex=\"-1\"\n\t\t\t\t>\n\t\t\t\t\t<span class=\"overlay\"><\/span>\n\t\t\t\t<\/a>\n\t\t\t\t\t<\/div>\n\t\t<h3 class=\"sow-carousel-item-title\">\n\t\t\t<a\n\t\t\t\thref=\"https:\/\/eshtm.es\/?p=24701\"\n\t\t\t\tid=\"sow-carousel-id-24701\"\n\t\t\t\t\t\t\t\ttabindex=\"-1\"\n\t\t\t>\n\n\t\t\t\tPLAZO MATRICULACI\u00d3N PAU 2026\t\t\t<\/a>\n\t\t<\/h3>\n\t<\/div>\n\t\t\t<\/div>\n\t\t\t<\/div>\n\n\t<\/div>\n\t\t<input type=\"hidden\" name=\"instance_hash\" value=\"3292c547\"\/>\n\t<\/div>\n<\/div>\t\t\t\t<\/div>\n\t\t\t\t<\/div>\n\t\t\t\t\t<\/div>\n\t\t<\/div>\n\t\t\t\t\t<\/div>\n\t\t<\/section>\n\t\t\t\t<\/div>\n\t\t<\/div><\/div>\t\t\t\t<\/div>\n\t\t\t\t<\/div>\n\t\t\t\t\t<\/div>\n\t\t<\/div>\n\t\t\t\t\t<\/div>\n\t\t<\/section>\n\t\t\t\t<\/div>\n\t\t","protected":false},"excerpt":{"rendered":"<p>SECRETAR\u00cdA Horario Lunes &#8211; Viernes: 9:00 -13:00 Mi\u00e9rcoles: 14:30 &#8211; 16:30 (Desde el 15 de octubre al 31 de Mayo) Correo secretaria.ies.hosteleria.madrid@educa.madrid.org Tr\u00e1mites Acad\u00e9micos Convocatorias en Plazo<\/p>\n","protected":false},"author":1,"featured_media":0,"parent":0,"menu_order":0,"comment_status":"closed","ping_status":"closed","template":"elementor_header_footer","meta":{"footnotes":""},"folder":[],"class_list":["post-18844","page","type-page","status-publish","hentry"],"aioseo_notices":[],"_links":{"self":[{"href":"https:\/\/eshtm.es\/index.php?rest_route=\/wp\/v2\/pages\/18844","targetHints":{"allow":["GET"]}}],"collection":[{"href":"https:\/\/eshtm.es\/index.php?rest_route=\/wp\/v2\/pages"}],"about":[{"href":"https:\/\/eshtm.es\/index.php?rest_route=\/wp\/v2\/types\/page"}],"author":[{"embeddable":true,"href":"https:\/\/eshtm.es\/index.php?rest_route=\/wp\/v2\/users\/1"}],"replies":[{"embeddable":true,"href":"https:\/\/eshtm.es\/index.php?rest_route=%2Fwp%2Fv2%2Fcomments&post=18844"}],"version-history":[{"count":82,"href":"https:\/\/eshtm.es\/index.php?rest_route=\/wp\/v2\/pages\/18844\/revisions"}],"predecessor-version":[{"id":24678,"href":"https:\/\/eshtm.es\/index.php?rest_route=\/wp\/v2\/pages\/18844\/revisions\/24678"}],"wp:attachment":[{"href":"https:\/\/eshtm.es\/index.php?rest_route=%2Fwp%2Fv2%2Fmedia&parent=18844"}],"wp:term":[{"taxonomy":"folder","embeddable":true,"href":"https:\/\/eshtm.es\/index.php?rest_route=%2Fwp%2Fv2%2Ffolder&post=18844"}],"curies":[{"name":"wp","href":"https:\/\/api.w.org\/{rel}","templated":true}]}}