{"id":19615,"date":"2023-09-28T08:36:18","date_gmt":"2023-09-28T08:36:18","guid":{"rendered":"https:\/\/eshtm.es\/?page_id=19615"},"modified":"2024-05-06T15:18:57","modified_gmt":"2024-05-06T14:18:57","slug":"prematricula","status":"publish","type":"page","link":"https:\/\/eshtm.es\/?page_id=19615","title":{"rendered":"Informaci\u00f3n"},"content":{"rendered":"\t\t<div data-elementor-type=\"wp-page\" data-elementor-id=\"19615\" class=\"elementor elementor-19615\">\n\t\t\t\t\t\t<section class=\"elementor-section elementor-top-section elementor-element elementor-element-d092c2f elementor-section-boxed elementor-section-height-default elementor-section-height-default\" data-id=\"d092c2f\" data-element_type=\"section\" data-e-type=\"section\">\n\t\t\t\t\t\t<div class=\"elementor-container elementor-column-gap-default\">\n\t\t\t\t\t<div class=\"elementor-column elementor-col-100 elementor-top-column elementor-element elementor-element-dba36b4\" data-id=\"dba36b4\" data-element_type=\"column\" data-e-type=\"column\">\n\t\t\t<div class=\"elementor-widget-wrap elementor-element-populated\">\n\t\t\t\t\t\t<div class=\"elementor-element elementor-element-e3f3427 elementor-widget elementor-widget-wpforms\" data-id=\"e3f3427\" data-element_type=\"widget\" data-e-type=\"widget\" data-widget_type=\"wpforms.default\">\n\t\t\t\t<div class=\"elementor-widget-container\">\n\t\t\t\t\t<div class=\"wpforms-container wpforms-container-full wpforms-render-modern\" id=\"wpforms-22827\"><form id=\"wpforms-form-22827\" class=\"wpforms-validate wpforms-form wpforms-ajax-form\" data-formid=\"22827\" method=\"post\" enctype=\"multipart\/form-data\" action=\"\/index.php?rest_route=%2Fwp%2Fv2%2Fpages%2F19615\" data-token=\"1eddb15fccafdc0570ea98b9c7ec32e5\" data-token-time=\"1777384656\"><noscript class=\"wpforms-error-noscript\">Por favor, activa JavaScript en tu navegador para completar este formulario.<\/noscript><div id=\"wpforms-error-noscript\" style=\"display: none;\">Por favor, activa JavaScript en tu navegador para completar este formulario.<\/div><div class=\"wpforms-field-container\"><div id=\"wpforms-22827-field_0-container\" class=\"wpforms-field wpforms-field-name\" data-field-id=\"0\"><fieldset><legend class=\"wpforms-field-label\">Nombre <span class=\"wpforms-required-label\" aria-hidden=\"true\">*<\/span><\/legend><div class=\"wpforms-field-row wpforms-field-medium\"><div class=\"wpforms-field-row-block wpforms-first wpforms-one-half\"><input type=\"text\" id=\"wpforms-22827-field_0\" class=\"wpforms-field-name-first wpforms-field-required\" name=\"wpforms[fields][0][first]\" aria-errormessage=\"wpforms-22827-field_0-error\" required><label for=\"wpforms-22827-field_0\" class=\"wpforms-field-sublabel after\">Nombre<\/label><\/div><div class=\"wpforms-field-row-block wpforms-one-half\"><input type=\"text\" id=\"wpforms-22827-field_0-last\" class=\"wpforms-field-name-last wpforms-field-required\" name=\"wpforms[fields][0][last]\" aria-errormessage=\"wpforms-22827-field_0-last-error\" required><label for=\"wpforms-22827-field_0-last\" class=\"wpforms-field-sublabel after\">Apellidos<\/label><\/div><\/div><\/fieldset><\/div><div id=\"wpforms-22827-field_6-container\" class=\"wpforms-field wpforms-field-text\" data-field-id=\"6\"><label class=\"wpforms-field-label\" for=\"wpforms-22827-field_6\">Tel\u00e9fono <span class=\"wpforms-required-label\" aria-hidden=\"true\">*<\/span><\/label><input type=\"text\" id=\"wpforms-22827-field_6\" class=\"wpforms-field-medium wpforms-field-required wpforms-masked-input wpforms-limit-characters-enabled\" data-rule-inputmask-incomplete=\"1\" data-inputmask-mask=\"999999999\" data-form-id=\"22827\" data-field-id=\"6\" data-text-limit=\"9\" name=\"wpforms[fields][6]\" aria-errormessage=\"wpforms-22827-field_6-error\" maxlength=\"9\" required><\/div><div id=\"wpforms-22827-field_7-container\" class=\"wpforms-field wpforms-field-email\" data-field-id=\"7\"><label class=\"wpforms-field-label\" for=\"wpforms-22827-field_7\">Correo Electr\u00f3nico <span class=\"wpforms-required-label\" aria-hidden=\"true\">*<\/span><\/label><input type=\"email\" id=\"wpforms-22827-field_7\" class=\"wpforms-field-medium wpforms-field-required\" name=\"wpforms[fields][7]\" spellcheck=\"false\" aria-errormessage=\"wpforms-22827-field_7-error\" required><\/div><div id=\"wpforms-22827-field_5-container\" class=\"wpforms-field wpforms-field-select wpforms-field-select-style-classic\" data-field-id=\"5\"><label class=\"wpforms-field-label\" for=\"wpforms-22827-field_5\">Categor\u00eda <span class=\"wpforms-required-label\" aria-hidden=\"true\">*<\/span><\/label><select id=\"wpforms-22827-field_5\" class=\"wpforms-field-medium wpforms-field-required\" name=\"wpforms[fields][5]\" required=\"required\"><option value=\"Secretar\u00eda\"  class=\"choice-1 depth-1\"  >Secretar\u00eda<\/option><option value=\"Servicios de restauraci\u00f3n\"  class=\"choice-2 depth-1\"  >Servicios de restauraci\u00f3n<\/option><option value=\"Cocina\"  class=\"choice-3 depth-1\"  >Cocina<\/option><option value=\"Jefatura de estudios\"  class=\"choice-4 depth-1\"  >Jefatura de estudios<\/option><option value=\"Turismo\"  class=\"choice-5 depth-1\"  >Turismo<\/option><\/select><\/div><div id=\"wpforms-22827-field_2-container\" class=\"wpforms-field wpforms-field-textarea\" data-field-id=\"2\"><label class=\"wpforms-field-label\" for=\"wpforms-22827-field_2\">Consulta <span class=\"wpforms-required-label\" aria-hidden=\"true\">*<\/span><\/label><textarea id=\"wpforms-22827-field_2\" class=\"wpforms-field-medium wpforms-field-required\" name=\"wpforms[fields][2]\" aria-errormessage=\"wpforms-22827-field_2-error\" required><\/textarea><\/div><\/div><!-- .wpforms-field-container --><div class=\"wpforms-submit-container\" ><input type=\"hidden\" name=\"wpforms[id]\" value=\"22827\"><input type=\"hidden\" name=\"page_title\" value=\"\"><input type=\"hidden\" name=\"page_url\" value=\"https:\/\/eshtm.es\/index.php?rest_route=\/wp\/v2\/pages\/19615\"><input type=\"hidden\" name=\"url_referer\" value=\"\"><button type=\"submit\" name=\"wpforms[submit]\" id=\"wpforms-submit-22827\" class=\"wpforms-submit\" data-alt-text=\"Enviando...\" data-submit-text=\"Enviar\" aria-live=\"assertive\" value=\"wpforms-submit\">Enviar<\/button><img decoding=\"async\" src=\"https:\/\/eshtm.es\/wp-content\/plugins\/wpforms-lite\/assets\/images\/submit-spin.svg\" class=\"wpforms-submit-spinner\" style=\"display: none;\" width=\"26\" height=\"26\" alt=\"Cargando\"><\/div><\/form><\/div>  <!-- .wpforms-container -->\t\t\t\t<\/div>\n\t\t\t\t<\/div>\n\t\t\t\t\t<\/div>\n\t\t<\/div>\n\t\t\t\t\t<\/div>\n\t\t<\/section>\n\t\t\t\t<\/div>\n\t\t","protected":false},"excerpt":{"rendered":"<p>Por favor, activa JavaScript en tu navegador para completar este formulario.Por favor, activa JavaScript en tu navegador para completar este formulario. Nombre * NombreApellidos Correo electr\u00f3nico *Tel\u00e9fono *Categor\u00eda *Secretar\u00edaServicios de restauraci\u00f3nCocinaJefatura de estudiosTurismoConsulta * Enviar<\/p>\n","protected":false},"author":1,"featured_media":0,"parent":0,"menu_order":0,"comment_status":"closed","ping_status":"closed","template":"","meta":{"footnotes":""},"folder":[],"class_list":["post-19615","page","type-page","status-publish","hentry"],"aioseo_notices":[],"_links":{"self":[{"href":"https:\/\/eshtm.es\/index.php?rest_route=\/wp\/v2\/pages\/19615","targetHints":{"allow":["GET"]}}],"collection":[{"href":"https:\/\/eshtm.es\/index.php?rest_route=\/wp\/v2\/pages"}],"about":[{"href":"https:\/\/eshtm.es\/index.php?rest_route=\/wp\/v2\/types\/page"}],"author":[{"embeddable":true,"href":"https:\/\/eshtm.es\/index.php?rest_route=\/wp\/v2\/users\/1"}],"replies":[{"embeddable":true,"href":"https:\/\/eshtm.es\/index.php?rest_route=%2Fwp%2Fv2%2Fcomments&post=19615"}],"version-history":[{"count":15,"href":"https:\/\/eshtm.es\/index.php?rest_route=\/wp\/v2\/pages\/19615\/revisions"}],"predecessor-version":[{"id":22833,"href":"https:\/\/eshtm.es\/index.php?rest_route=\/wp\/v2\/pages\/19615\/revisions\/22833"}],"wp:attachment":[{"href":"https:\/\/eshtm.es\/index.php?rest_route=%2Fwp%2Fv2%2Fmedia&parent=19615"}],"wp:term":[{"taxonomy":"folder","embeddable":true,"href":"https:\/\/eshtm.es\/index.php?rest_route=%2Fwp%2Fv2%2Ffolder&post=19615"}],"curies":[{"name":"wp","href":"https:\/\/api.w.org\/{rel}","templated":true}]}}